{"id":614,"date":"2018-11-22T08:40:25","date_gmt":"2018-11-22T08:40:25","guid":{"rendered":"https:\/\/boperbcn.cat\/home\/"},"modified":"2023-02-17T13:04:12","modified_gmt":"2023-02-17T13:04:12","slug":"home","status":"publish","type":"page","link":"https:\/\/boperbcn.cat\/es\/","title":{"rendered":"Home"},"content":{"rendered":"<p>[vc_row css_animation=\u00bb\u00bb row_type=\u00bbrow\u00bb use_row_as_full_screen_section=\u00bbno\u00bb type=\u00bbgrid\u00bb angled_section=\u00bbno\u00bb text_align=\u00bbleft\u00bb background_image_as_pattern=\u00bbwithout_pattern\u00bb background_color=\u00bb#3fb5ff\u00bb z_index=\u00bb\u00bb][vc_column width=\u00bb1\/2&#8243;][vc_empty_space height=\u00bb80px\u00bb el_class=\u00bbhide_on_mobile\u00bb][vc_single_image image=\u00bb515&#8243; img_size=\u00bbfull\u00bb alignment=\u00bbcenter\u00bb qode_css_animation=\u00bb\u00bb qode_hover_animation=\u00bbzoom_in\u00bb][vc_empty_space height=\u00bb40px\u00bb][\/vc_column][vc_column width=\u00bb1\/2&#8243; el_id=\u00bbAdherirse\u00bb][vc_empty_space height=\u00bb80px\u00bb el_class=\u00bbhide_on_mobile\u00bb][vc_column_text]<\/p>\n<h1><span style=\"color: #000000;\">Adherirse<\/span><\/h1>\n<p>[\/vc_column_text]\n<div class=\"wpcf7 no-js\" id=\"wpcf7-f644-o1\" lang=\"es-ES\" dir=\"ltr\">\n<div class=\"screen-reader-response\"><p role=\"status\" aria-live=\"polite\" aria-atomic=\"true\"><\/p> <ul><\/ul><\/div>\n<form action=\"\/es\/wp-json\/wp\/v2\/pages\/614#wpcf7-f644-o1\" method=\"post\" class=\"wpcf7-form init cf7_custom_style_1\" aria-label=\"Formulario de contacto\" novalidate=\"novalidate\" data-status=\"init\">\n<div style=\"display: none;\">\n<input type=\"hidden\" name=\"_wpcf7\" value=\"644\" \/>\n<input type=\"hidden\" name=\"_wpcf7_version\" value=\"5.7.3\" \/>\n<input type=\"hidden\" name=\"_wpcf7_locale\" value=\"es_ES\" \/>\n<input type=\"hidden\" name=\"_wpcf7_unit_tag\" value=\"wpcf7-f644-o1\" \/>\n<input type=\"hidden\" name=\"_wpcf7_container_post\" value=\"0\" \/>\n<input type=\"hidden\" name=\"_wpcf7_posted_data_hash\" value=\"\" \/>\n<input type=\"hidden\" name=\"_wpcf7_recaptcha_response\" value=\"\" \/>\n<\/div>\n<p><span class=\"wpcf7-form-control-wrap\" data-name=\"your-name\"><input size=\"40\" class=\"wpcf7-form-control wpcf7-text wpcf7-validates-as-required\" aria-required=\"true\" aria-invalid=\"false\" placeholder=\"Nombre y Apellidos*\" value=\"\" type=\"text\" name=\"your-name\" \/><\/span>\n<\/p>\n<p><span class=\"wpcf7-form-control-wrap\" data-name=\"e-mail-147\"><input size=\"40\" class=\"wpcf7-form-control wpcf7-text wpcf7-email wpcf7-validates-as-required wpcf7-validates-as-email\" aria-required=\"true\" aria-invalid=\"false\" placeholder=\"Correo Electr\u00f3nico*\" value=\"\" type=\"email\" name=\"e-mail-147\" \/><\/span>\n<\/p>\n<p><span class=\"wpcf7-form-control-wrap\" data-name=\"tel-252\"><input size=\"40\" class=\"wpcf7-form-control wpcf7-text wpcf7-tel wpcf7-validates-as-tel\" aria-invalid=\"false\" placeholder=\"Tel\u00e9fono*\" value=\"\" type=\"tel\" name=\"tel-252\" \/><\/span>\n<\/p>\n<p><span class=\"wpcf7-form-control-wrap\" data-name=\"text-748\"><input size=\"40\" class=\"wpcf7-form-control wpcf7-text\" aria-invalid=\"false\" placeholder=\"Profesi\u00f3n*\" value=\"\" type=\"text\" name=\"text-748\" \/><\/span>\n<\/p>\n<p><span class=\"wpcf7-form-control-wrap\" data-name=\"acceptance-888\"><span class=\"wpcf7-form-control wpcf7-acceptance\"><span class=\"wpcf7-list-item\"><label><input type=\"checkbox\" name=\"acceptance-888\" value=\"1\" aria-invalid=\"false\" \/><span class=\"wpcf7-list-item-label\">He le\u00eddo y acepto la <a href=\"https:\/\/boperbcn.cat\/politica-de-privacitat\" target=\"_blank\">Pol\u00edtica de privacidad<\/a><\/span><\/label><\/span><\/span><\/span>\n<\/p>\n<p>\u00a0<br \/>\n<input class=\"wpcf7-form-control has-spinner wpcf7-submit\" type=\"submit\" value=\"SIGNA\" \/>\n<\/p>\n<p><span style=\"font-size:10px; line-height:9px\"> Responsable del tratamiento: Plataforma Bo per Barcelona<br \/>\nFinalidad del tratamiento: gestionar los contactos y las relaciones comerciales y profesionales establecidas con la Plataforma Bueno por Barcelona. Puedes consultar nuestra pol\u00edtica de protecci\u00f3n de datos en <a href=\"http:\/\/boperbcn.cat\/politica-de-privacitat\">Pol\u00edtica de privacidad<\/a>. Puedes dar de baja las comunicaciones en <a href=\"mailto:info@boperbcn.cat\">info@boperbcn.cat<\/a>.<\/span>\n<\/p><div class=\"wpcf7-response-output\" aria-hidden=\"true\"><\/div>\n<\/form>\n<\/div>\n[vc_empty_space height=\u00bb50px\u00bb][\/vc_column][\/vc_row][vc_row css_animation=\u00bb\u00bb row_type=\u00bbrow\u00bb use_row_as_full_screen_section=\u00bbno\u00bb type=\u00bbfull_width\u00bb angled_section=\u00bbno\u00bb text_align=\u00bbleft\u00bb background_image_as_pattern=\u00bbwithout_pattern\u00bb z_index=\u00bb\u00bb][vc_column el_id=\u00bbManifest\u00bb][vc_empty_space][\/vc_column][\/vc_row][vc_row css_animation=\u00bb\u00bb row_type=\u00bbrow\u00bb use_row_as_full_screen_section=\u00bbno\u00bb type=\u00bbgrid\u00bb angled_section=\u00bbno\u00bb text_align=\u00bbleft\u00bb background_image_as_pattern=\u00bbwithout_pattern\u00bb background_color=\u00bb#3fb5ff\u00bb z_index=\u00bb\u00bb][vc_column][vc_column_text]<\/p>\n<h1 style=\"text-align: center;\"><span style=\"color: #ffffff;\"><span style=\"caret-color: #f2d231;\">Manifiesto <\/span><\/span><\/h1>\n<p>[\/vc_column_text][vc_column_text]<\/p>\n<p class=\"p1\">Barcelona es una ciudad excepcional que se ha construido a base de grandes consensos y gracias al entusiasmo, el car\u00e1cter y la ambici\u00f3n de su gente. Una ciudad que ha sido capaz de tejer complicidades entre instituciones, sociedad civil, entidades de vecinos y vecinas, culturales y deportivas. Los barceloneses y barcelonesas hemos sabido impulsar grandes y peque\u00f1os proyectos colectivos que d\u00eda tras d\u00eda nos hacen m\u00e1s pr\u00f3speros, sostenibles e inclusivos.<\/p>\n<p>Gracias a su determinaci\u00f3n, resiliencia y vocaci\u00f3n de liderazgo, y sobre todo, gracias al esfuerzo de todas y todos los barceloneses y barcelonesas, la ciudad ha superado situaciones adversas como la deriva del proceso independentista, la crisis econ\u00f3mica de 2008, y m\u00e1s recientemente la pandemia, que han puesto a prueba a las instituciones y a la ciudadan\u00eda.<\/p>\n<p>Al mismo tiempo, en los \u00faltimos a\u00f1os Barcelona ha conseguido grandes hitos que nos contin\u00faan consolidando como una ciudad que revierte el liderazgo y los \u00e9xitos de grandes acontecimientos en el bienestar de las personas que vivimos \u2014como el Mobile World Congress, la Copa Am\u00e9rica de Vela o la Integrated Systems Europe\u2014.<\/p>\n<p>En los pr\u00f3ximos a\u00f1os, Barcelona se enfrenta a retos globales y a la vez locales, como la crisis clim\u00e1tica, la transici\u00f3n digital o el reto demogr\u00e1fico, y lo hace con el convencimiento que los y las barcelonesas formamos parte de la soluci\u00f3n, que la acci\u00f3n colectiva y la colaboraci\u00f3n p\u00fablico-privada son la mejor garant\u00eda de \u00e9xito.<\/p>\n<p class=\"p1\">Por todo esto invitamos a todos los y las barcelonesas que se sienten llamados a participar de este objetivo tan alentador a proponernos las ideas que tendr\u00e1n que construir la ciudad que queremos construir y a aportar las propuestas que tendr\u00e1n que enriquecer un proyecto colectivo de futuro.<\/p>\n<p>Entre todas y todos lograremos LA MEJOR BARCELONA.<\/p>\n<p>[\/vc_column_text][vc_empty_space height=\u00bb40px\u00bb][\/vc_column][\/vc_row][vc_row css_animation=\u00bb\u00bb row_type=\u00bbrow\u00bb use_row_as_full_screen_section=\u00bbno\u00bb type=\u00bbgrid\u00bb angled_section=\u00bbno\u00bb text_align=\u00bbcenter\u00bb background_image_as_pattern=\u00bbwithout_pattern\u00bb background_color=\u00bb#3fb5ff\u00bb z_index=\u00bb\u00bb css=\u00bb.vc_custom_1676317729792{background-color: #3fb5ff !important;}\u00bb][vc_column]<a  itemprop=\"url\" href=\"https:\/\/boperbcn.cat\/wp-content\/uploads\/2023\/02\/Manifest_BoperBcn_cast.pdf\" target=\"_blank\" data-hover-background-color=#3fb5ff  class=\"qbutton  big_large default\" style=\"color: #ffffff; background-color: #0a0a0a;\">Descarga el manifiesto<\/a>[vc_empty_space height=\u00bb40px\u00bb][\/vc_column][\/vc_row][vc_row css_animation=\u00bb\u00bb row_type=\u00bbrow\u00bb use_row_as_full_screen_section=\u00bbno\u00bb type=\u00bbfull_width\u00bb angled_section=\u00bbno\u00bb text_align=\u00bbleft\u00bb background_image_as_pattern=\u00bbwithout_pattern\u00bb el_id=\u00bbqui-som\u00bb z_index=\u00bb\u00bb][vc_column][vc_empty_space height=\u00bb40px\u00bb][vc_column_text]<\/p>\n<h1 style=\"text-align: center;\"><span style=\"color: #ffffff;\"><span style=\"caret-color: #f2d231;\">Qui\u00e9n somos<\/span><\/span><\/h1>\n<p>[\/vc_column_text][vc_column_text]<\/p>\n<div class=\"page\" title=\"Page 1\">\n<div class=\"section\">\n<div class=\"layoutArea\">\n<div class=\"column\">\n<p class=\"p1\">BO PER BCN es una plataforma de gente progresista que queremos Barcelona. Somos gente de diferentes campos profesionales a quienes nos preocupan los retos de futuro y creemos que la ciudad necesita propuestas y proyectos pensados para mejorar la vida de toda la ciudadan\u00eda.<\/p>\n<p>Por eso nos hemos unido, porque queremos incidir en el debate de las pr\u00f3ximas elecciones municipales y sumar personas como t\u00fa, que quieren la ciudad y creen que ahora ha llegado el momento de decir lo que pensamos.<\/p>\n<\/div>\n<\/div>\n<\/div>\n<\/div>\n<p>[\/vc_column_text][vc_column_text]<strong>Portavoces<\/strong><\/p>\n<p style=\"padding-left: 30px;\"><strong>Toni Cano<\/strong>, humorista<\/p>\n<p style=\"padding-left: 30px;\"><strong>Natalia Bettonica<\/strong>, promotora social<\/p>\n<p>&nbsp;<\/p>\n<p><strong>Grupo promotor<\/strong><\/p>\n<p style=\"padding-left: 30px;\"><strong>Bego\u00f1a Alberdi<\/strong>, soprano<\/p>\n<p style=\"padding-left: 30px;\"><strong>Oscar Le\u00f3n<\/strong>, dise\u00f1ador<\/p>\n<p style=\"padding-left: 30px;\"><strong>Mireia Belil<\/strong>, ge\u00f3grafa<\/p>\n<p style=\"padding-left: 30px;\"><strong>Nacho Corredor<\/strong>, polit\u00f3logo<\/p>\n<p style=\"padding-left: 30px;\"><strong>Afra Blanco<\/strong>, activista<\/p>\n<p style=\"padding-left: 30px;\"><strong>Araceli Ortega<\/strong>, aut\u00f3noma<\/p>\n<p style=\"padding-left: 30px;\"><strong>Albert Torrents<\/strong>, fil\u00f3sofo<\/p>\n<p style=\"padding-left: 30px;\"><strong>Lina L\u00f3pez<\/strong>, transporte mar\u00edtimo<\/p>\n<p style=\"padding-left: 30px;\"><strong>Diego Pol<\/strong>, abogado<\/p>\n<p>[\/vc_column_text][vc_empty_space height=\u00bb100px\u00bb][\/vc_column][\/vc_row][vc_row css_animation=\u00bb\u00bb row_type=\u00bbrow\u00bb use_row_as_full_screen_section=\u00bbno\u00bb type=\u00bbfull_width\u00bb anchor=\u00bbcolabora\u00bb angled_section=\u00bbno\u00bb text_align=\u00bbcenter\u00bb background_image_as_pattern=\u00bbwithout_pattern\u00bb z_index=\u00bb\u00bb][vc_column][vc_column_text]<\/p>\n<h1 style=\"text-align: center;\"><span style=\"color: #ffffff;\"><span style=\"caret-color: #f2d231;\">Colabora<\/span><\/span><\/h1>\n<p>[\/vc_column_text][vc_column_text]<\/p>\n<p class=\"p1\" style=\"text-align: center;\">La plataforma est\u00e1 abierta a cualquier tipo de colaboraci\u00f3n con entidades afines a nuestros objetivos y que comparten nuestros valores.<\/p>\n<p>Como promotores de la plataforma, quedamos abiertos a la colaboraci\u00f3n con cualquier persona, entidad, asociaciones, etc., que quieran participar para conseguir una mejor Barcelona en el sentido que manifestamos en nuestro dec\u00e1logo.<\/p>\n<p class=\"p1\" style=\"text-align: center;\"><b>\u00bfQuieres colaborar?<\/b><\/p>\n<p>Si quieres colaborar con nosotros, env\u00edanos un correo electr\u00f3nico a <b>colabora@boperbcn<\/b> y nos pondremos en contacto contigo.<\/p>\n<p>Tambi\u00e9n puedes enviarnos al mismo correo electr\u00f3nico tus propuestas e ideas para mejorar la ciudad juntos<\/p>\n<p>[\/vc_column_text][vc_empty_space height=\u00bb30px\u00bb]<a  itemprop=\"url\" href=\"mailto:colabora@boperbcn.cat\" target=\"_blank\" data-hover-background-color=#3fb5ff  class=\"qbutton  big_large center default\" style=\"color: #ffffff; background-color: #0a0a0a;\">colabora@boperbcn.cat<\/a>[\/vc_column][\/vc_row][vc_row css_animation=\u00bb\u00bb row_type=\u00bbrow\u00bb use_row_as_full_screen_section=\u00bbno\u00bb type=\u00bbfull_width\u00bb angled_section=\u00bbno\u00bb text_align=\u00bbcenter\u00bb background_image_as_pattern=\u00bbwithout_pattern\u00bb z_index=\u00bb\u00bb][vc_column width=\u00bb1\/6&#8243;][\/vc_column][vc_column width=\u00bb1\/6&#8243;][\/vc_column][vc_column width=\u00bb1\/6&#8243; offset=\u00bbvc_col-xs-6&#8243;][vc_empty_space height=\u00bb60px\u00bb]<div class='image_hover ' style='' data-transition-delay=''><div class='images_holder'><a itemprop='url' href='https:\/\/www.instagram.com\/boperbcn\/' target='_blank'><img itemprop='image' class='active_image ' src='https:\/\/boperbcn.cat\/wp-content\/uploads\/2023\/02\/IG_1.png' alt='' style='' \/><img itemprop='image' class='hover_image' src='https:\/\/boperbcn.cat\/wp-content\/uploads\/2023\/02\/IG_2.png' alt='' style='' \/><\/a><\/div><\/div>[vc_empty_space height=\u00bb60px\u00bb][\/vc_column][vc_column width=\u00bb1\/6&#8243; offset=\u00bbvc_col-xs-6&#8243;][vc_empty_space height=\u00bb60px\u00bb]<div class='image_hover ' style='' data-transition-delay=''><div class='images_holder'><a itemprop='url' href='https:\/\/www.tiktok.com\/@boperbcn' target='_blank'><img itemprop='image' class='active_image ' src='https:\/\/boperbcn.cat\/wp-content\/uploads\/2023\/02\/T_1.png' alt='' style='' \/><img itemprop='image' class='hover_image' src='https:\/\/boperbcn.cat\/wp-content\/uploads\/2023\/02\/T-2.png' alt='' style='' \/><\/a><\/div><\/div>[vc_empty_space height=\u00bb60px\u00bb][\/vc_column][vc_column width=\u00bb1\/6&#8243;][\/vc_column][vc_column width=\u00bb1\/6&#8243;][\/vc_column][\/vc_row][vc_row css_animation=\u00bb\u00bb row_type=\u00bbrow\u00bb use_row_as_full_screen_section=\u00bbno\u00bb type=\u00bbfull_width\u00bb angled_section=\u00bbno\u00bb text_align=\u00bbleft\u00bb background_image_as_pattern=\u00bbwithout_pattern\u00bb][vc_column][vc_empty_space height=\u00bb30px\u00bb][vc_column_text]<\/p>\n<p style=\"text-align: center;\"><a href=\"https:\/\/boperbcn.cat\/es\/aviso-legal\/\" target=\"_blank\" rel=\"noopener\">Aviso Legal<\/a> <span style=\"color: #ffffff;\">|<\/span> <a href=\"https:\/\/boperbcn.cat\/politica-de-privacitat\/\" target=\"_blank\" rel=\"noopener\">Poli\u0301tica de Privacidad<\/a> <span style=\"color: #ffffff;\">|<\/span> <a href=\"https:\/\/boperbcn.cat\/es\/politica-de-cookies\/\" target=\"_blank\" rel=\"noopener\">Poli\u0301tica de Cookies<\/a><\/p>\n<p>[\/vc_column_text][vc_empty_space height=\u00bb30px\u00bb][\/vc_column][\/vc_row][vc_row css_animation=\u00bb\u00bb row_type=\u00bbrow\u00bb use_row_as_full_screen_section=\u00bbno\u00bb type=\u00bbgrid\u00bb angled_section=\u00bbno\u00bb text_align=\u00bbleft\u00bb background_image_as_pattern=\u00bbwithout_pattern\u00bb background_color=\u00bb#68c0b5&#8243; z_index=\u00bb\u00bb][vc_column el_id=\u00bbdebats\u00bb offset=\u00bbvc_hidden-lg vc_hidden-md vc_hidden-sm vc_hidden-xs\u00bb][vc_empty_space height=\u00bb40px\u00bb][vc_column_text]<\/p>\n<h1 style=\"text-align: center;\"><span style=\"caret-color: #f2d231; color: #005671;\">Debates realizados<\/span><\/h1>\n<p>[\/vc_column_text][vc_empty_space height=\u00bb40px\u00bb][vc_row_inner row_type=\u00bbrow\u00bb type=\u00bbgrid\u00bb text_align=\u00bbleft\u00bb css_animation=\u00bb\u00bb][vc_column_inner width=\u00bb1\/4&#8243;][\/vc_column_inner][vc_column_inner width=\u00bb1\/4&#8243;]<div class='image_hover ' style='' data-transition-delay=''><div class='images_holder'><a itemprop='url' href='https:\/\/boperbcn.cat\/resum-debat-cultura\/' target='_self'><img itemprop='image' class='active_image ' src='https:\/\/boperbcn.cat\/wp-content\/uploads\/2019\/03\/cultura1.png' alt='' style='' \/><img itemprop='image' class='hover_image' src='https:\/\/boperbcn.cat\/wp-content\/uploads\/2019\/03\/cultura2.png' alt='' style='' \/><\/a><\/div><\/div>[\/vc_column_inner][vc_column_inner width=\u00bb1\/4&#8243;]<div class='image_hover ' style='' data-transition-delay=''><div class='images_holder'><a itemprop='url' href='https:\/\/boperbcn.cat\/resum-debat-economia\/' target='_self'><img itemprop='image' class='active_image ' src='https:\/\/boperbcn.cat\/wp-content\/uploads\/2019\/03\/economia1.png' alt='' style='' \/><img itemprop='image' class='hover_image' src='https:\/\/boperbcn.cat\/wp-content\/uploads\/2019\/03\/economia2.png' alt='' style='' \/><\/a><\/div><\/div>[\/vc_column_inner][vc_column_inner width=\u00bb1\/4&#8243;][\/vc_column_inner][\/vc_row_inner][vc_empty_space height=\u00bb40px\u00bb][\/vc_column][\/vc_row]<\/p>\n","protected":false},"excerpt":{"rendered":"<p>[vc_row css_animation=\u00bb\u00bb row_type=\u00bbrow\u00bb use_row_as_full_screen_section=\u00bbno\u00bb type=\u00bbgrid\u00bb angled_section=\u00bbno\u00bb text_align=\u00bbleft\u00bb background_image_as_pattern=\u00bbwithout_pattern\u00bb background_color=\u00bb#3fb5ff\u00bb z_index=\u00bb\u00bb][vc_column width=\u00bb1\/2&#8243;][vc_empty_space height=\u00bb80px\u00bb el_class=\u00bbhide_on_mobile\u00bb][vc_single_image image=\u00bb515&#8243; img_size=\u00bbfull\u00bb alignment=\u00bbcenter\u00bb qode_css_animation=\u00bb\u00bb qode_hover_animation=\u00bbzoom_in\u00bb][vc_empty_space height=\u00bb40px\u00bb][\/vc_column][vc_column width=\u00bb1\/2&#8243; el_id=\u00bbAdherirse\u00bb][vc_empty_space height=\u00bb80px\u00bb el_class=\u00bbhide_on_mobile\u00bb][vc_column_text] Adherirse [\/vc_column_text][vc_empty_space height=\u00bb50px\u00bb][\/vc_column][\/vc_row][vc_row css_animation=\u00bb\u00bb row_type=\u00bbrow\u00bb use_row_as_full_screen_section=\u00bbno\u00bb type=\u00bbfull_width\u00bb angled_section=\u00bbno\u00bb text_align=\u00bbleft\u00bb background_image_as_pattern=\u00bbwithout_pattern\u00bb z_index=\u00bb\u00bb][vc_column el_id=\u00bbManifest\u00bb][vc_empty_space][\/vc_column][\/vc_row][vc_row css_animation=\u00bb\u00bb row_type=\u00bbrow\u00bb use_row_as_full_screen_section=\u00bbno\u00bb type=\u00bbgrid\u00bb angled_section=\u00bbno\u00bb text_align=\u00bbleft\u00bb background_image_as_pattern=\u00bbwithout_pattern\u00bb background_color=\u00bb#3fb5ff\u00bb z_index=\u00bb\u00bb][vc_column][vc_column_text] Manifiesto&#8230;<\/p>\n","protected":false},"author":1,"featured_media":0,"parent":0,"menu_order":0,"comment_status":"closed","ping_status":"closed","template":"","meta":[],"_links":{"self":[{"href":"https:\/\/boperbcn.cat\/es\/wp-json\/wp\/v2\/pages\/614"}],"collection":[{"href":"https:\/\/boperbcn.cat\/es\/wp-json\/wp\/v2\/pages"}],"about":[{"href":"https:\/\/boperbcn.cat\/es\/wp-json\/wp\/v2\/types\/page"}],"author":[{"embeddable":true,"href":"https:\/\/boperbcn.cat\/es\/wp-json\/wp\/v2\/users\/1"}],"replies":[{"embeddable":true,"href":"https:\/\/boperbcn.cat\/es\/wp-json\/wp\/v2\/comments?post=614"}],"version-history":[{"count":18,"href":"https:\/\/boperbcn.cat\/es\/wp-json\/wp\/v2\/pages\/614\/revisions"}],"predecessor-version":[{"id":691,"href":"https:\/\/boperbcn.cat\/es\/wp-json\/wp\/v2\/pages\/614\/revisions\/691"}],"wp:attachment":[{"href":"https:\/\/boperbcn.cat\/es\/wp-json\/wp\/v2\/media?parent=614"}],"curies":[{"name":"wp","href":"https:\/\/api.w.org\/{rel}","templated":true}]}}