{"id":617,"date":"2023-02-14T11:43:03","date_gmt":"2023-02-14T11:43:03","guid":{"rendered":"https:\/\/boperbcn.cat\/aviso-legal\/"},"modified":"2023-02-15T09:27:19","modified_gmt":"2023-02-15T09:27:19","slug":"aviso-legal","status":"publish","type":"page","link":"https:\/\/boperbcn.cat\/es\/aviso-legal\/","title":{"rendered":"Aviso legal"},"content":{"rendered":"<p>[vc_row css_animation=\u00bb\u00bb row_type=\u00bbrow\u00bb use_row_as_full_screen_section=\u00bbno\u00bb type=\u00bbfull_width\u00bb angled_section=\u00bbno\u00bb text_align=\u00bbleft\u00bb background_image_as_pattern=\u00bbwithout_pattern\u00bb][vc_column][vc_column_text]<\/p>\n<p class=\"p1\"><b>Aviso legal<\/b><\/p>\n<p><b>1.- Titularidad:<\/b> Para dar cumplimiento con la Ley 34\/2002 de 11 de julio, de Servicios de la Sociedad de la informaci\u00f3n y de Comercio Electr\u00f3nico, a continuaci\u00f3n se especifican los datos de informaci\u00f3n general sobre la titularidad de esta Web:<br \/>\nTitular: Asociaci\u00f3n BO PER BARCELONA<br \/>\nNIF G 44546778<br \/>\nDirecci\u00f3n: C.\/ Sant Ramon de Penyafort n\u00famero 1, 6.\u00ba 1\u00aa BCN Contacto: info<br \/>\nDatos registrales: Secci\u00f3n Primera del Registro de Asociaciones de la Generalitat de Catalu\u00f1a.<\/p>\n<p><b>2.- Condiciones de uso:<\/b> El usuario se obliga a utilizar la informaci\u00f3n contenida en esta p\u00e1gina Web por sus propias necesidades exclusivamente y a no realizar directa o indirectamente ning\u00fan tipo de explotaci\u00f3n comercial de los contenidos y servicios a los cuales tenga acceso. El usuario tendr\u00e1 derecho al acceso libre y gratuito de la informaci\u00f3n p\u00fablica recogida a la Web, no obstante la Plataforma se reserva el derecho a restringir el acceso a determinadas secciones y servicios del Portal. Es intenci\u00f3n de la Plataforma Bueno por Barcelona ofrecer en todo momento una informaci\u00f3n veraz y actualizada. Sin embargo, esta informaci\u00f3n puede contener incorrecci\u00f3n estilogr\u00e1ficas o incluso t\u00e9cnicas y la Plataforma Bueno por Barcelona no se responsabiliza de la idoneidad de la informaci\u00f3n contenida a la Web.<\/p>\n<p><b>3.- Enlaces (Links):<\/b> Esta Web puede ofrecer diferentes enlaces con otras p\u00e1ginas Web de terceros, el contenido de las cuales puede variar, de forma r\u00e1pida, por las caracter\u00edsticas propias de Internet. Por lo tanto, la Plataforma Bueno por Barcelona no se hace responsable de las informaciones, servicios y contenidos en general de estas p\u00e1ginas Web de terceros. La p\u00e1gina Web de la Plataforma Bueno por Barcelona es independiente por el que no tiene ning\u00fan control hacia el contenido de las p\u00e1ginas de terceros. Un enlace con cualquier otra p\u00e1gina que no sea de la Plataforma Bueno por Barcelona no implica que esta apoye o acepte ninguna responsabilidad por su contenido o uso. En el supuesto de que la Plataforma Bueno por Barcelona tuviera conocimiento efectivo que la actividad o la informaci\u00f3n a la cual remiten estos enlaces fuera il\u00edcita, constitutiva de delito o que pueda lesionar bienes o derechos de terceros susceptibles de indemnizaci\u00f3n, actuar\u00e1 con la diligencia necesaria para suprimir el enlace correspondiente cuanto antes posible.<\/p>\n<p><b>4.- Derechos de propiedad intelectual e industrial:<\/b> Los derechos relativos a la propiedad industrial e intelectual (como pueden ser las marcas, logotipos, textos, fotograf\u00edas, iconos, im\u00e1genes, etc., as\u00ed como el dise\u00f1o gr\u00e1fico y otros elementos de software contenidos en la presente p\u00e1gina Web), son propiedad de la Plataforma Bueno por Barcelona. Por lo tanto, est\u00e1n sujetos a derechos de propiedad intelectual e industrial protegidos por la legislaci\u00f3n espa\u00f1ola e internacional. Sin la previa autorizaci\u00f3n escrita de la Plataforma Bueno por Barcelona, no est\u00e1 permitido utilizar, reproducir, transmitir, manipular, as\u00ed como cualquier uso que exceda de la utilizaci\u00f3n necesaria para la visita de la p\u00e1gina y el uso de los servicios ofrecidos. El acceso a los servicios suministrados no supone por parte de la Plataforma Bueno por Barcelona renuncia, transmisi\u00f3n, ni cesi\u00f3n total o parcial de los derechos derivados de la propiedad intelectual e industrial, ni atribuye derechos de utilizaci\u00f3n, alteraci\u00f3n, explotaci\u00f3n, reproducci\u00f3n, distribuci\u00f3n o comunicaci\u00f3n p\u00fablica sobre estos contenidos sin la previa y expr\u00e9s autorizaci\u00f3n por escrito de los respectivos titulares de estos derechos, sin perjuicio del derecho de visualizaci\u00f3n y obtenci\u00f3n de copia privada de seguridad de estos contenidos, siempre que este derecho se ejercite seg\u00fan los principios de buena fe y siempre que se mantenga inalterada la propiedad intelectual e industrial del titular de estos derechos, se utilicen sin hasta comerciales y exclusivamente por informaci\u00f3n personal del usuario. La responsabilidad derivada del uso de materiales protegidos por los derechos de propiedad intelectual e industrial contenidos en esta p\u00e1gina corresponder\u00e1n exclusivamente al usuario.<\/p>\n<p><b>5.- \u00c9tica y responsabilidad del usuario de la p\u00e1gina Web corporativa:<\/b> La Plataforma Bueno por Barcelona no ser\u00e1 en ning\u00fan caso responsable de lo os de la Web Corporativa que realice el usuario. El usuario se abstendr\u00e1 de llevar a cabo cualquier conducta en el uso de la Web corporativa o de los recursos puestos a su disposici\u00f3n que vaya en contra de los derechos de propiedad intelectual o industrial de la Plataforma Bueno por Barcelona o de terceros, que vulnere el honor, la intimidad personal o familiar o la imagen a terceros, o que sean il\u00edcitos o vayan en contra de la moralidad y dejar\u00e1 en todo caso indemne a la plataforma ante cualquier reclamaci\u00f3n, judicial o extrajudicial, que se presente a consecuencia de este uso. El usuario se abstendr\u00e1 de llevar a cabo por cualquier medio la destrucci\u00f3n, alteraci\u00f3n, inutilizaci\u00f3n o da\u00f1os de los datos, programas o documentos electr\u00f3nicos que pertenezcan a la Plataforma Bueno por Barcelona, as\u00ed como la introducci\u00f3n o difusi\u00f3n en la red de programas, virus, applets, o cualquier instrumento f\u00edsico o electr\u00f3nico que causen cualquier tipo de alteraci\u00f3n en la red, en el sistema, o en los equipos de terceros. 6.- Ley aplicable \u2013 Jurisdicci\u00f3n: La resoluci\u00f3n de cualquier controversia o divergencia relacionada con esta Web se regir\u00e1 por la legislaci\u00f3n espa\u00f1ola, y con competencia los Juzgados y Tribunales de la ciudad de Barcelona.<\/p>\n<p>[\/vc_column_text][vc_empty_space height=\u00bb80px\u00bb][vc_column_text]<\/p>\n<p style=\"text-align: center;\"><a href=\"https:\/\/boperbcn.cat\/es\/aviso-legal\/\" target=\"_blank\" rel=\"noopener\">Aviso Legal<\/a> <span style=\"color: #ffffff;\">|<\/span> <a href=\"https:\/\/boperbcn.cat\/politica-de-privacitat\/\" target=\"_blank\" rel=\"noopener\">Poli\u0301tica de Privacidad<\/a> <span style=\"color: #ffffff;\">|<\/span> <a href=\"https:\/\/boperbcn.cat\/es\/politica-de-cookies\/\" target=\"_blank\" rel=\"noopener\">Poli\u0301tica de Cookies<\/a><\/p>\n<p>[\/vc_column_text][vc_empty_space height=\u00bb30px\u00bb][\/vc_column][\/vc_row]<\/p>\n","protected":false},"excerpt":{"rendered":"<p>[vc_row css_animation=\u00bb\u00bb row_type=\u00bbrow\u00bb use_row_as_full_screen_section=\u00bbno\u00bb type=\u00bbfull_width\u00bb angled_section=\u00bbno\u00bb text_align=\u00bbleft\u00bb background_image_as_pattern=\u00bbwithout_pattern\u00bb][vc_column][vc_column_text] Aviso legal 1.- Titularidad: Para dar cumplimiento con la Ley 34\/2002 de 11 de julio, de Servicios de la Sociedad de la informaci\u00f3n y de Comercio Electr\u00f3nico, a continuaci\u00f3n se especifican los datos de informaci\u00f3n general sobre&#8230;<\/p>\n","protected":false},"author":1,"featured_media":0,"parent":0,"menu_order":0,"comment_status":"closed","ping_status":"closed","template":"","meta":[],"_links":{"self":[{"href":"https:\/\/boperbcn.cat\/es\/wp-json\/wp\/v2\/pages\/617"}],"collection":[{"href":"https:\/\/boperbcn.cat\/es\/wp-json\/wp\/v2\/pages"}],"about":[{"href":"https:\/\/boperbcn.cat\/es\/wp-json\/wp\/v2\/types\/page"}],"author":[{"embeddable":true,"href":"https:\/\/boperbcn.cat\/es\/wp-json\/wp\/v2\/users\/1"}],"replies":[{"embeddable":true,"href":"https:\/\/boperbcn.cat\/es\/wp-json\/wp\/v2\/comments?post=617"}],"version-history":[{"count":5,"href":"https:\/\/boperbcn.cat\/es\/wp-json\/wp\/v2\/pages\/617\/revisions"}],"predecessor-version":[{"id":622,"href":"https:\/\/boperbcn.cat\/es\/wp-json\/wp\/v2\/pages\/617\/revisions\/622"}],"wp:attachment":[{"href":"https:\/\/boperbcn.cat\/es\/wp-json\/wp\/v2\/media?parent=617"}],"curies":[{"name":"wp","href":"https:\/\/api.w.org\/{rel}","templated":true}]}}