{"id":629,"date":"2023-02-14T11:51:37","date_gmt":"2023-02-14T11:51:37","guid":{"rendered":"https:\/\/boperbcn.cat\/politica-de-cookies\/"},"modified":"2023-02-15T09:36:13","modified_gmt":"2023-02-15T09:36:13","slug":"politica-de-cookies","status":"publish","type":"page","link":"https:\/\/boperbcn.cat\/es\/politica-de-cookies\/","title":{"rendered":"Pol\u00edtica de Cookies"},"content":{"rendered":"<p>[vc_row css_animation=\u00bb\u00bb row_type=\u00bbrow\u00bb use_row_as_full_screen_section=\u00bbno\u00bb type=\u00bbfull_width\u00bb angled_section=\u00bbno\u00bb text_align=\u00bbleft\u00bb background_image_as_pattern=\u00bbwithout_pattern\u00bb][vc_column][vc_column_text]<\/p>\n<p class=\"p1\">\u00bfQu\u00e9 son las cookies?<\/p>\n<p>Las cookies son peque\u00f1os archivos de datos que se reciben al terminal desde el sitio web visitado y se usan para registrar ciertas interacciones de la navegaci\u00f3n en un sitio web, almacenando datos que podr\u00e1n ser actualizadas y recuperadas. Estos archivos se almacenan al ordenador del usuario y contienen datos an\u00f3nimos que no son perjudiciales para su equipo. Se utilizan para recordar las preferencias del usuario, como por ejemplo el idioma seleccionado, los datos de acceso o la personalizaci\u00f3n de la p\u00e1gina. Las cookies tambi\u00e9n pueden ser utilizadas para registrar informaci\u00f3n an\u00f3nima sobre como un visitante utiliza un sitio web. Por ejemplo, desde qu\u00e9 p\u00e1gina web ha accedido o si ha hecho uso de un \u00abbanner\u00bb publicitario para llegar.<\/p>\n<p>\u00bfPor qu\u00e9 en la Plataforma Bueno por Barcelona usa cookies?<\/p>\n<p>La Plataforma Bueno por Barcelona usa las cookies estrictamente necesarias y esenciales porque utiliz\u00e1is nuestros sitios web y pod\u00e1is moveros libremente, utilizar \u00e1reas seguras, emplear opciones personalizadas, etc. Adem\u00e1s, la Plataforma Bueno por Barcelona usa cookies que recogen datos relativos al an\u00e1lisis de uso de la web, que se utilizan para ayudar a mejorar el servicio a los interesados, mesurando el uso y el rendimiento de la p\u00e1gina para optimizarla y personalizarla.<\/p>\n<p><b>Tipolog\u00eda, finalidad y funcionamiento de las cookies<\/b><\/p>\n<p>Las cookies, en funci\u00f3n de su permanencia, pueden dividirse en cookies de sesi\u00f3n o permanentes.<\/p>\n<p>\u2022 Cookies de sesi\u00f3n: son cookies temporales que permanecen en el archivo de cookies de vuestro navegador hasta que abandon\u00e1is la p\u00e1gina web. Por lo tanto, jefe de ellas queda registrada en el disco duro del usuario. La informaci\u00f3n obtenida por medio de estas cookies sirve para analizar pautas de tr\u00e1fico en el web. A la larga, esto nos permite proporcionar una mejor experiencia para mejorar el contenido y facilitar su uso.<br \/>\n\u2022 Cookies permanentes: son almacenadas en el disco duro del usuario y nuestra web las lee cada vez que se hace una nueva visita. Una cookie permanente posee una fecha de expiraci\u00f3n determinada. La cookie dejar\u00e1 de funcionar despu\u00e9s de esta fecha. Las utilizamos, generalmente, para facilitar los servicios de registro.<\/p>\n<p>Adicionalmente, en funci\u00f3n de su objetivo, las cookies pueden clasificarse de la siguiente manera:<br \/>\n\u2022 Cookies de rendimiento: Este tipo de cookie recuerda las preferencias del usuario para las herramientas que se encuentran en los diferentes servicios. En consecuencia este no tiene que volver a configurar el servicio cada vez que el visita. A modo de ejemplo, en esta tipolog\u00eda se incluyen:<br \/>\n\u2022 Ajustes de volumen de reproductores de video o sonido.<br \/>\n\u2022 Las velocidades de transmisi\u00f3n de video que sean compatibles con su navegador.<br \/>\n\u2022 Cookies de geolocalizaci\u00f3n: Estas cookies son usadas para reconocer en qu\u00e9 pa\u00eds se encuentra el usuario cuando se solicita un servicio. Esta cookie es totalmente an\u00f3nima, y solo se usa para ayudar a orientar el contenido a su ubicaci\u00f3n.<br \/>\n\u2022 Cookies de registro: Las cookies de registro se generan una vez el usuario se ha registrado o cuando ha abierto su sesi\u00f3n posteriormente, y se usan para identificarlo en los servicios.<\/p>\n<p>Adicionalmente, algunos servicios pueden usar conectores con redes sociales como Facebook o Twitter. Cuando el usuario se registra en un servicio con credenciales de una red social, autoriza la red social a guardar una cookie persistente que recuerda su identidad y lo garantiza el acceso a los servicios hasta que expira. El usuario puede borrar esta cookie y revocar el acceso a los servicios relacionados actualizando sus preferencias en la red social espec\u00edfica.<br \/>\n\u2022 Cookies anal\u00edticas: cada vez que un usuario visita un servicio, una herramienta de un proveedor externo genera una cookie anal\u00edtica al ordenador del usuario. Esta cookie, que solo se genera durante la visita, servir\u00e1 a los servicios del web de la Plataforma para identificar de forma an\u00f3nima el visitante en las pr\u00f3ximas visitas. os objetivos principales que se persiguen son:<br \/>\n\u2022 Permitir la identificaci\u00f3n an\u00f3nima de los usuarios navegantes a trav\u00e9s de la cookie (identifica navegadores y dispositivos, no personas) y, por lo tanto, la contabilizaci\u00f3n aproximada del n\u00famero de visitantes y su tendencia en el tiempo.<br \/>\n\u2022 Identificar de forma an\u00f3nima los contenidos m\u00e1s visitados y, por lo tanto, m\u00e1s atractivos para los usuarios.<br \/>\n\u2022 Saber si el usuario que accede es nuevo o repite visita.<\/p>\n<p><b>\u00bfY si no quiero tener estas cookies o no hago nada al respecto?<\/b><\/p>\n<p>Para cumplir con la legislaci\u00f3n vigente, tenemos que pedir el permiso del usuario para gestionar las cookies. Si decide no autorizar el tratamiento, indic\u00e1ndonos la suya no conformidad, solo utilizar\u00edamos las cookies t\u00e9cnicas, puesto que estas son imprescindibles para la navegaci\u00f3n dentro de nuestra web. Y en este caso, no almacenar\u00edamos ning\u00fan cookie. En cambio, continuar navegando por nuestro sitio web sin denegar su autorizaci\u00f3n implica que se acepta su uso. Record\u00e1is que si el usuario rechaza o borra las cookies de navegaci\u00f3n por la web, no podremos mantener sus preferencias, algunas caracter\u00edsticas de las p\u00e1ginas no estar\u00e1n operativas, no podremos ofrecer servicios personalizados y cada vez que navegue tendremos que solicitar de nuevo su autorizaci\u00f3n para el uso de cookies. Si aun as\u00ed, el usuario decide modificar la configuraci\u00f3n de su acceso a la p\u00e1gina web, este tiene que saber que es posible eliminar las cookies o impedir que se registre esta informaci\u00f3n en su equipo, mediante la modificaci\u00f3n de los par\u00e1metros de configuraci\u00f3n de su navegador. Adem\u00e1s, puede retirar en cualquier momento el consentimiento relacionado con la presente Pol\u00edtica de Cookies, eliminando las cookies almacenadas en su equipo a trav\u00e9s de los ajustes y las configuraciones de su navegador de Internet.<\/p>\n<p>[\/vc_column_text][vc_empty_space height=\u00bb80px\u00bb][vc_column_text]<\/p>\n<p style=\"text-align: center;\"><a href=\"https:\/\/boperbcn.cat\/es\/aviso-legal\/\" target=\"_blank\" rel=\"noopener\">Aviso Legal<\/a> <span style=\"color: #ffffff;\">|<\/span> <a href=\"https:\/\/boperbcn.cat\/politica-de-privacitat\/\" target=\"_blank\" rel=\"noopener\">Poli\u0301tica de Privacidad<\/a> <span style=\"color: #ffffff;\">|<\/span> <a href=\"https:\/\/boperbcn.cat\/es\/politica-de-cookies\/\" target=\"_blank\" rel=\"noopener\">Poli\u0301tica de Cookies<\/a><\/p>\n<p>[\/vc_column_text][vc_empty_space height=\u00bb30px\u00bb][\/vc_column][\/vc_row]<\/p>\n","protected":false},"excerpt":{"rendered":"<p>[vc_row css_animation=\u00bb\u00bb row_type=\u00bbrow\u00bb use_row_as_full_screen_section=\u00bbno\u00bb type=\u00bbfull_width\u00bb angled_section=\u00bbno\u00bb text_align=\u00bbleft\u00bb background_image_as_pattern=\u00bbwithout_pattern\u00bb][vc_column][vc_column_text] \u00bfQu\u00e9 son las cookies? Las cookies son peque\u00f1os archivos de datos que se reciben al terminal desde el sitio web visitado y se usan para registrar ciertas interacciones de la navegaci\u00f3n en un sitio web, almacenando datos&#8230;<\/p>\n","protected":false},"author":1,"featured_media":0,"parent":0,"menu_order":0,"comment_status":"closed","ping_status":"closed","template":"","meta":[],"_links":{"self":[{"href":"https:\/\/boperbcn.cat\/es\/wp-json\/wp\/v2\/pages\/629"}],"collection":[{"href":"https:\/\/boperbcn.cat\/es\/wp-json\/wp\/v2\/pages"}],"about":[{"href":"https:\/\/boperbcn.cat\/es\/wp-json\/wp\/v2\/types\/page"}],"author":[{"embeddable":true,"href":"https:\/\/boperbcn.cat\/es\/wp-json\/wp\/v2\/users\/1"}],"replies":[{"embeddable":true,"href":"https:\/\/boperbcn.cat\/es\/wp-json\/wp\/v2\/comments?post=629"}],"version-history":[{"count":2,"href":"https:\/\/boperbcn.cat\/es\/wp-json\/wp\/v2\/pages\/629\/revisions"}],"predecessor-version":[{"id":631,"href":"https:\/\/boperbcn.cat\/es\/wp-json\/wp\/v2\/pages\/629\/revisions\/631"}],"wp:attachment":[{"href":"https:\/\/boperbcn.cat\/es\/wp-json\/wp\/v2\/media?parent=629"}],"curies":[{"name":"wp","href":"https:\/\/api.w.org\/{rel}","templated":true}]}}